{"id":28585,"date":"2021-11-30T10:26:15","date_gmt":"2021-11-30T09:26:15","guid":{"rendered":"https:\/\/hitraturistservice.no\/?page_id=28585"},"modified":"2026-02-17T10:21:37","modified_gmt":"2026-02-17T09:21:37","slug":"ferskvannsfiske","status":"publish","type":"page","link":"https:\/\/hitraturistservice.no\/nb\/fiske\/ferskvannsfiske\/","title":{"rendered":"Ferskvannsfiske"},"content":{"rendered":"<h2><strong>Ferskvannsfiske p\u00e5 Hitra<\/strong><\/h2>\n<p>Hitra byr p\u00e5 spennende fiskemuligheter, om du enten foretrekker bortgjemte fjellvann, vandring p\u00e5 Havmyran eller vann i n\u00e6rheten av vei. Det er over 1000 fiskevann \u00e5 velge i mellom. De fleste med \u00f8rret, men ogs\u00e5 noen med r\u00f8ye.<br \/>\nSt\u00f8rrelse og mengde fisk varierer en del fra vann til vann. Men det finnes bortgjemte perler som inneholder fisk som setter b\u00e5de stanga og nervene p\u00e5 pr\u00f8ve.<\/p>\n<p>Du kan kj\u00f8pe fiskekort p\u00e5 <a href=\"https:\/\/www.inatur.no\/fiske\/50f5cc8de4b0b1d864388993\">inatur.no.\u00a0<\/a>Det finnes relativt rimelige 3-dagers og sesongkort.<\/p>\n<div id='gallery-1' class='gallery galleryid-28585 gallery-columns-3 gallery-size-thumbnail'><figure class='gallery-item'>\n\t\t\t<div class='gallery-icon landscape'>\n\t\t\t\t<a href='https:\/\/hitraturistservice.no\/wp-content\/uploads\/2016\/11\/29912_398179964625_279246199625_3890740_750203_n.jpg' title=\"\" data-rl_title=\"\" class=\"rl-gallery-link\" data-rl_caption=\"\" data-rel=\"lightbox-gallery-1\"><img loading=\"lazy\" decoding=\"async\" width=\"300\" height=\"200\" src=\"https:\/\/hitraturistservice.no\/wp-content\/uploads\/2016\/11\/29912_398179964625_279246199625_3890740_750203_n-300x200.jpg\" class=\"attachment-thumbnail size-thumbnail\" alt=\"\" srcset=\"https:\/\/hitraturistservice.no\/wp-content\/uploads\/2016\/11\/29912_398179964625_279246199625_3890740_750203_n-300x200.jpg 300w, https:\/\/hitraturistservice.no\/wp-content\/uploads\/2016\/11\/29912_398179964625_279246199625_3890740_750203_n-500x333.jpg 500w, https:\/\/hitraturistservice.no\/wp-content\/uploads\/2016\/11\/29912_398179964625_279246199625_3890740_750203_n.jpg 719w\" sizes=\"auto, (max-width: 300px) 100vw, 300px\" \/><\/a>\n\t\t\t<\/div><\/figure><figure class='gallery-item'>\n\t\t\t<div class='gallery-icon landscape'>\n\t\t\t\t<a href='https:\/\/hitraturistservice.no\/wp-content\/uploads\/2016\/11\/29912_398179979625_279246199625_3890741_1290330_n.jpg' title=\"\" data-rl_title=\"\" class=\"rl-gallery-link\" data-rl_caption=\"\" data-rel=\"lightbox-gallery-1\"><img loading=\"lazy\" decoding=\"async\" width=\"300\" height=\"200\" src=\"https:\/\/hitraturistservice.no\/wp-content\/uploads\/2016\/11\/29912_398179979625_279246199625_3890741_1290330_n-300x200.jpg\" class=\"attachment-thumbnail size-thumbnail\" alt=\"\" srcset=\"https:\/\/hitraturistservice.no\/wp-content\/uploads\/2016\/11\/29912_398179979625_279246199625_3890741_1290330_n-300x200.jpg 300w, https:\/\/hitraturistservice.no\/wp-content\/uploads\/2016\/11\/29912_398179979625_279246199625_3890741_1290330_n-500x333.jpg 500w, https:\/\/hitraturistservice.no\/wp-content\/uploads\/2016\/11\/29912_398179979625_279246199625_3890741_1290330_n.jpg 719w\" sizes=\"auto, (max-width: 300px) 100vw, 300px\" \/><\/a>\n\t\t\t<\/div><\/figure><figure class='gallery-item'>\n\t\t\t<div class='gallery-icon landscape'>\n\t\t\t\t<a href='https:\/\/hitraturistservice.no\/wp-content\/uploads\/2016\/11\/29912_398179984625_279246199625_3890742_6489869_n.jpg' title=\"\" data-rl_title=\"\" class=\"rl-gallery-link\" data-rl_caption=\"\" data-rel=\"lightbox-gallery-1\"><img loading=\"lazy\" decoding=\"async\" width=\"300\" height=\"200\" src=\"https:\/\/hitraturistservice.no\/wp-content\/uploads\/2016\/11\/29912_398179984625_279246199625_3890742_6489869_n-300x200.jpg\" class=\"attachment-thumbnail size-thumbnail\" alt=\"\" srcset=\"https:\/\/hitraturistservice.no\/wp-content\/uploads\/2016\/11\/29912_398179984625_279246199625_3890742_6489869_n-300x200.jpg 300w, https:\/\/hitraturistservice.no\/wp-content\/uploads\/2016\/11\/29912_398179984625_279246199625_3890742_6489869_n-500x333.jpg 500w, https:\/\/hitraturistservice.no\/wp-content\/uploads\/2016\/11\/29912_398179984625_279246199625_3890742_6489869_n.jpg 719w\" sizes=\"auto, (max-width: 300px) 100vw, 300px\" \/><\/a>\n\t\t\t<\/div><\/figure><figure class='gallery-item'>\n\t\t\t<div class='gallery-icon landscape'>\n\t\t\t\t<a href='https:\/\/hitraturistservice.no\/wp-content\/uploads\/2016\/11\/29912_398179999625_279246199625_3890744_2538004_n.jpg' title=\"\" data-rl_title=\"\" class=\"rl-gallery-link\" data-rl_caption=\"\" data-rel=\"lightbox-gallery-1\"><img loading=\"lazy\" decoding=\"async\" width=\"300\" height=\"200\" src=\"https:\/\/hitraturistservice.no\/wp-content\/uploads\/2016\/11\/29912_398179999625_279246199625_3890744_2538004_n-300x200.jpg\" class=\"attachment-thumbnail size-thumbnail\" alt=\"\" srcset=\"https:\/\/hitraturistservice.no\/wp-content\/uploads\/2016\/11\/29912_398179999625_279246199625_3890744_2538004_n-300x200.jpg 300w, https:\/\/hitraturistservice.no\/wp-content\/uploads\/2016\/11\/29912_398179999625_279246199625_3890744_2538004_n-500x333.jpg 500w, https:\/\/hitraturistservice.no\/wp-content\/uploads\/2016\/11\/29912_398179999625_279246199625_3890744_2538004_n.jpg 719w\" sizes=\"auto, (max-width: 300px) 100vw, 300px\" \/><\/a>\n\t\t\t<\/div><\/figure><figure class='gallery-item'>\n\t\t\t<div class='gallery-icon landscape'>\n\t\t\t\t<a href='https:\/\/hitraturistservice.no\/wp-content\/uploads\/2016\/11\/29912_398180009625_279246199625_3890745_7074165_n.jpg' title=\"\" data-rl_title=\"\" class=\"rl-gallery-link\" data-rl_caption=\"\" data-rel=\"lightbox-gallery-1\"><img loading=\"lazy\" decoding=\"async\" width=\"300\" height=\"200\" src=\"https:\/\/hitraturistservice.no\/wp-content\/uploads\/2016\/11\/29912_398180009625_279246199625_3890745_7074165_n-300x200.jpg\" class=\"attachment-thumbnail size-thumbnail\" alt=\"\" srcset=\"https:\/\/hitraturistservice.no\/wp-content\/uploads\/2016\/11\/29912_398180009625_279246199625_3890745_7074165_n-300x200.jpg 300w, https:\/\/hitraturistservice.no\/wp-content\/uploads\/2016\/11\/29912_398180009625_279246199625_3890745_7074165_n-500x333.jpg 500w, https:\/\/hitraturistservice.no\/wp-content\/uploads\/2016\/11\/29912_398180009625_279246199625_3890745_7074165_n.jpg 719w\" sizes=\"auto, (max-width: 300px) 100vw, 300px\" \/><\/a>\n\t\t\t<\/div><\/figure><figure class='gallery-item'>\n\t\t\t<div class='gallery-icon portrait'>\n\t\t\t\t<a href='https:\/\/hitraturistservice.no\/wp-content\/uploads\/2016\/11\/29912_398180014625_279246199625_3890746_7807426_n.jpg' title=\"\" data-rl_title=\"\" class=\"rl-gallery-link\" data-rl_caption=\"\" data-rel=\"lightbox-gallery-1\"><img loading=\"lazy\" decoding=\"async\" width=\"300\" height=\"200\" src=\"https:\/\/hitraturistservice.no\/wp-content\/uploads\/2016\/11\/29912_398180014625_279246199625_3890746_7807426_n-300x200.jpg\" class=\"attachment-thumbnail size-thumbnail\" alt=\"\" \/><\/a>\n\t\t\t<\/div><\/figure><figure class='gallery-item'>\n\t\t\t<div class='gallery-icon landscape'>\n\t\t\t\t<a href='https:\/\/hitraturistservice.no\/wp-content\/uploads\/2016\/11\/29912_398180019625_279246199625_3890747_2297208_n.jpg' title=\"\" data-rl_title=\"\" class=\"rl-gallery-link\" data-rl_caption=\"\" data-rel=\"lightbox-gallery-1\"><img loading=\"lazy\" decoding=\"async\" width=\"300\" height=\"200\" src=\"https:\/\/hitraturistservice.no\/wp-content\/uploads\/2016\/11\/29912_398180019625_279246199625_3890747_2297208_n-300x200.jpg\" class=\"attachment-thumbnail size-thumbnail\" alt=\"\" \/><\/a>\n\t\t\t<\/div><\/figure><figure class='gallery-item'>\n\t\t\t<div class='gallery-icon portrait'>\n\t\t\t\t<a href='https:\/\/hitraturistservice.no\/wp-content\/uploads\/2016\/11\/29912_398180034625_279246199625_3890750_5500776_n.jpg' title=\"\" data-rl_title=\"\" class=\"rl-gallery-link\" data-rl_caption=\"\" data-rel=\"lightbox-gallery-1\"><img loading=\"lazy\" decoding=\"async\" width=\"300\" height=\"200\" src=\"https:\/\/hitraturistservice.no\/wp-content\/uploads\/2016\/11\/29912_398180034625_279246199625_3890750_5500776_n-300x200.jpg\" class=\"attachment-thumbnail size-thumbnail\" alt=\"\" \/><\/a>\n\t\t\t<\/div><\/figure>\n\t\t<\/div>\n\n","protected":false},"excerpt":{"rendered":"<p>Ferskvannsfiske p\u00e5 Hitra Hitra byr p\u00e5 spennende fiskemuligheter, om du enten foretrekker bortgjemte fjellvann, [&hellip;]<\/p>\n","protected":false},"author":10,"featured_media":0,"parent":2,"menu_order":0,"comment_status":"closed","ping_status":"closed","template":"","meta":{"_acf_changed":false,"_analytify_skip_tracking":false,"footnotes":""},"class_list":["post-28585","page","type-page","status-publish","hentry"],"acf":[],"yoast_head":"<!-- This site is optimized with the Yoast SEO plugin v27.3 - https:\/\/yoast.com\/product\/yoast-seo-wordpress\/ -->\n<title>Ferskvannsfiske - Hitra Turistservice<\/title>\n<meta name=\"robots\" content=\"index, follow, max-snippet:-1, max-image-preview:large, max-video-preview:-1\" \/>\n<link rel=\"canonical\" href=\"https:\/\/hitraturistservice.no\/nb\/fiske\/ferskvannsfiske\/\" \/>\n<meta name=\"twitter:label1\" content=\"Ansl. lesetid\" \/>\n\t<meta name=\"twitter:data1\" content=\"1 minutt\" \/>\n<script type=\"application\/ld+json\" class=\"yoast-schema-graph\">{\"@context\":\"https:\\\/\\\/schema.org\",\"@graph\":[{\"@type\":\"WebPage\",\"@id\":\"https:\\\/\\\/hitraturistservice.no\\\/nb\\\/fiske\\\/ferskvannsfiske\\\/\",\"url\":\"https:\\\/\\\/hitraturistservice.no\\\/nb\\\/fiske\\\/ferskvannsfiske\\\/\",\"name\":\"Ferskvannsfiske - Hitra Turistservice\",\"isPartOf\":{\"@id\":\"https:\\\/\\\/hitraturistservice.no\\\/#website\"},\"datePublished\":\"2021-11-30T09:26:15+00:00\",\"dateModified\":\"2026-02-17T09:21:37+00:00\",\"breadcrumb\":{\"@id\":\"https:\\\/\\\/hitraturistservice.no\\\/nb\\\/fiske\\\/ferskvannsfiske\\\/#breadcrumb\"},\"inLanguage\":\"nb-NO\",\"potentialAction\":[{\"@type\":\"ReadAction\",\"target\":[\"https:\\\/\\\/hitraturistservice.no\\\/nb\\\/fiske\\\/ferskvannsfiske\\\/\"]}]},{\"@type\":\"BreadcrumbList\",\"@id\":\"https:\\\/\\\/hitraturistservice.no\\\/nb\\\/fiske\\\/ferskvannsfiske\\\/#breadcrumb\",\"itemListElement\":[{\"@type\":\"ListItem\",\"position\":1,\"name\":\"Hjem\",\"item\":\"https:\\\/\\\/hitraturistservice.no\\\/nb\\\/forside\\\/\"},{\"@type\":\"ListItem\",\"position\":2,\"name\":\"Fiske\",\"item\":\"https:\\\/\\\/hitraturistservice.no\\\/nb\\\/fiske\\\/\"},{\"@type\":\"ListItem\",\"position\":3,\"name\":\"Ferskvannsfiske\"}]},{\"@type\":\"WebSite\",\"@id\":\"https:\\\/\\\/hitraturistservice.no\\\/#website\",\"url\":\"https:\\\/\\\/hitraturistservice.no\\\/\",\"name\":\"Hitra Turistservice\",\"description\":\"Fishing holiday in Hitra and Fr\u00f6ya\",\"potentialAction\":[{\"@type\":\"SearchAction\",\"target\":{\"@type\":\"EntryPoint\",\"urlTemplate\":\"https:\\\/\\\/hitraturistservice.no\\\/?s={search_term_string}\"},\"query-input\":{\"@type\":\"PropertyValueSpecification\",\"valueRequired\":true,\"valueName\":\"search_term_string\"}}],\"inLanguage\":\"nb-NO\"}]}<\/script>\n<!-- \/ Yoast SEO plugin. -->","yoast_head_json":{"title":"Ferskvannsfiske - Hitra Turistservice","robots":{"index":"index","follow":"follow","max-snippet":"max-snippet:-1","max-image-preview":"max-image-preview:large","max-video-preview":"max-video-preview:-1"},"canonical":"https:\/\/hitraturistservice.no\/nb\/fiske\/ferskvannsfiske\/","twitter_misc":{"Ansl. lesetid":"1 minutt"},"schema":{"@context":"https:\/\/schema.org","@graph":[{"@type":"WebPage","@id":"https:\/\/hitraturistservice.no\/nb\/fiske\/ferskvannsfiske\/","url":"https:\/\/hitraturistservice.no\/nb\/fiske\/ferskvannsfiske\/","name":"Ferskvannsfiske - Hitra Turistservice","isPartOf":{"@id":"https:\/\/hitraturistservice.no\/#website"},"datePublished":"2021-11-30T09:26:15+00:00","dateModified":"2026-02-17T09:21:37+00:00","breadcrumb":{"@id":"https:\/\/hitraturistservice.no\/nb\/fiske\/ferskvannsfiske\/#breadcrumb"},"inLanguage":"nb-NO","potentialAction":[{"@type":"ReadAction","target":["https:\/\/hitraturistservice.no\/nb\/fiske\/ferskvannsfiske\/"]}]},{"@type":"BreadcrumbList","@id":"https:\/\/hitraturistservice.no\/nb\/fiske\/ferskvannsfiske\/#breadcrumb","itemListElement":[{"@type":"ListItem","position":1,"name":"Hjem","item":"https:\/\/hitraturistservice.no\/nb\/forside\/"},{"@type":"ListItem","position":2,"name":"Fiske","item":"https:\/\/hitraturistservice.no\/nb\/fiske\/"},{"@type":"ListItem","position":3,"name":"Ferskvannsfiske"}]},{"@type":"WebSite","@id":"https:\/\/hitraturistservice.no\/#website","url":"https:\/\/hitraturistservice.no\/","name":"Hitra Turistservice","description":"Fishing holiday in Hitra and Fr\u00f6ya","potentialAction":[{"@type":"SearchAction","target":{"@type":"EntryPoint","urlTemplate":"https:\/\/hitraturistservice.no\/?s={search_term_string}"},"query-input":{"@type":"PropertyValueSpecification","valueRequired":true,"valueName":"search_term_string"}}],"inLanguage":"nb-NO"}]}},"_links":{"self":[{"href":"https:\/\/hitraturistservice.no\/nb\/wp-json\/wp\/v2\/pages\/28585","targetHints":{"allow":["GET"]}}],"collection":[{"href":"https:\/\/hitraturistservice.no\/nb\/wp-json\/wp\/v2\/pages"}],"about":[{"href":"https:\/\/hitraturistservice.no\/nb\/wp-json\/wp\/v2\/types\/page"}],"author":[{"embeddable":true,"href":"https:\/\/hitraturistservice.no\/nb\/wp-json\/wp\/v2\/users\/10"}],"replies":[{"embeddable":true,"href":"https:\/\/hitraturistservice.no\/nb\/wp-json\/wp\/v2\/comments?post=28585"}],"version-history":[{"count":0,"href":"https:\/\/hitraturistservice.no\/nb\/wp-json\/wp\/v2\/pages\/28585\/revisions"}],"up":[{"embeddable":true,"href":"https:\/\/hitraturistservice.no\/nb\/wp-json\/wp\/v2\/pages\/2"}],"wp:attachment":[{"href":"https:\/\/hitraturistservice.no\/nb\/wp-json\/wp\/v2\/media?parent=28585"}],"curies":[{"name":"wp","href":"https:\/\/api.w.org\/{rel}","templated":true}]}}