{"id":26855,"date":"2019-11-15T10:52:14","date_gmt":"2019-11-15T09:52:14","guid":{"rendered":"https:\/\/hitraturistservice.no\/?page_id=26855"},"modified":"2024-09-11T17:25:23","modified_gmt":"2024-09-11T15:25:23","slug":"katalog","status":"publish","type":"page","link":"https:\/\/hitraturistservice.no\/nb\/ekstra\/katalog\/","title":{"rendered":"Katalog 2025"},"content":{"rendered":"\r\n<p>Hvert \u00e5r lager vi en katalog med alle v\u00e5re bosteder presentert som sendes ut til tidligere kunder og nye kunder rundt om i verden. Katalogen finnes p\u00e5 norsk og p\u00e5 tysk. Her finner du \u00e5rets norske katalog. <br \/>Trykk p\u00e5 bilde for \u00e5 f\u00e5 den st\u00f8rre.<\/p>\r\n<p>&nbsp;<\/p>\r\n<p><iframe loading=\"lazy\" src=\"https:\/\/player.flipsnack.com?hash=RUVEODc4QkJEQzkrdW0ydjhtbjd0OQ==\" width=\"100%\" height=\"720\" frameborder=\"0\" scrolling=\"no\" seamless=\"seamless\" allowfullscreen=\"allowfullscreen\"><\/iframe><\/p>\r\n<p><a href=\"https:\/\/hitraturistservice.no\/wp-content\/uploads\/2024\/09\/ht_norsk_2025.pdf\">Last ned utskriftversjon<\/a><\/p>\r\n<p><img loading=\"lazy\" decoding=\"async\" class=\"alignnone size-medium wp-image-31976\" src=\"https:\/\/hitraturistservice.no\/wp-content\/uploads\/2024\/09\/ht_norsk_2025-forside-500x707.jpg\" alt=\"\" width=\"500\" height=\"707\" srcset=\"https:\/\/hitraturistservice.no\/wp-content\/uploads\/2024\/09\/ht_norsk_2025-forside-500x707.jpg 500w, https:\/\/hitraturistservice.no\/wp-content\/uploads\/2024\/09\/ht_norsk_2025-forside-1000x1414.jpg 1000w, https:\/\/hitraturistservice.no\/wp-content\/uploads\/2024\/09\/ht_norsk_2025-forside-1086x1536.jpg 1086w, https:\/\/hitraturistservice.no\/wp-content\/uploads\/2024\/09\/ht_norsk_2025-forside.jpg 1414w\" sizes=\"auto, (max-width: 500px) 100vw, 500px\" \/><\/p>\r\n<p><a href=\"https:\/\/hitraturistservice.no\/wp-content\/uploads\/2024\/03\/ht_norsk_2024_utskrift.pdf\">Last ned 2024 katalog her<\/a><\/p>\r\n\r\n\r\n","protected":false},"excerpt":{"rendered":"<p>Hvert \u00e5r lager vi en katalog med alle v\u00e5re bosteder presentert som sendes ut [&hellip;]<\/p>\n","protected":false},"author":8,"featured_media":0,"parent":13,"menu_order":0,"comment_status":"closed","ping_status":"closed","template":"","meta":{"_acf_changed":false,"_analytify_skip_tracking":false,"footnotes":""},"class_list":["post-26855","page","type-page","status-publish","hentry"],"acf":[],"yoast_head":"<!-- This site is optimized with the Yoast SEO plugin v27.3 - https:\/\/yoast.com\/product\/yoast-seo-wordpress\/ -->\n<title>Katalog 2025 - Hitra Turistservice<\/title>\n<meta name=\"robots\" content=\"index, follow, max-snippet:-1, max-image-preview:large, max-video-preview:-1\" \/>\n<link rel=\"canonical\" href=\"https:\/\/hitraturistservice.no\/nb\/ekstra\/katalog\/\" \/>\n<meta name=\"twitter:label1\" content=\"Ansl. lesetid\" \/>\n\t<meta name=\"twitter:data1\" content=\"1 minutt\" \/>\n<script type=\"application\/ld+json\" class=\"yoast-schema-graph\">{\"@context\":\"https:\\\/\\\/schema.org\",\"@graph\":[{\"@type\":\"WebPage\",\"@id\":\"https:\\\/\\\/hitraturistservice.no\\\/nb\\\/ekstra\\\/katalog\\\/\",\"url\":\"https:\\\/\\\/hitraturistservice.no\\\/nb\\\/ekstra\\\/katalog\\\/\",\"name\":\"Katalog 2025 - Hitra Turistservice\",\"isPartOf\":{\"@id\":\"https:\\\/\\\/hitraturistservice.no\\\/#website\"},\"primaryImageOfPage\":{\"@id\":\"https:\\\/\\\/hitraturistservice.no\\\/nb\\\/ekstra\\\/katalog\\\/#primaryimage\"},\"image\":{\"@id\":\"https:\\\/\\\/hitraturistservice.no\\\/nb\\\/ekstra\\\/katalog\\\/#primaryimage\"},\"thumbnailUrl\":\"https:\\\/\\\/hitraturistservice.no\\\/wp-content\\\/uploads\\\/2024\\\/09\\\/ht_norsk_2025-forside-500x707.jpg\",\"datePublished\":\"2019-11-15T09:52:14+00:00\",\"dateModified\":\"2024-09-11T15:25:23+00:00\",\"breadcrumb\":{\"@id\":\"https:\\\/\\\/hitraturistservice.no\\\/nb\\\/ekstra\\\/katalog\\\/#breadcrumb\"},\"inLanguage\":\"nb-NO\",\"potentialAction\":[{\"@type\":\"ReadAction\",\"target\":[\"https:\\\/\\\/hitraturistservice.no\\\/nb\\\/ekstra\\\/katalog\\\/\"]}]},{\"@type\":\"ImageObject\",\"inLanguage\":\"nb-NO\",\"@id\":\"https:\\\/\\\/hitraturistservice.no\\\/nb\\\/ekstra\\\/katalog\\\/#primaryimage\",\"url\":\"https:\\\/\\\/hitraturistservice.no\\\/wp-content\\\/uploads\\\/2024\\\/09\\\/ht_norsk_2025-forside-500x707.jpg\",\"contentUrl\":\"https:\\\/\\\/hitraturistservice.no\\\/wp-content\\\/uploads\\\/2024\\\/09\\\/ht_norsk_2025-forside-500x707.jpg\"},{\"@type\":\"BreadcrumbList\",\"@id\":\"https:\\\/\\\/hitraturistservice.no\\\/nb\\\/ekstra\\\/katalog\\\/#breadcrumb\",\"itemListElement\":[{\"@type\":\"ListItem\",\"position\":1,\"name\":\"Hjem\",\"item\":\"https:\\\/\\\/hitraturistservice.no\\\/nb\\\/forside\\\/\"},{\"@type\":\"ListItem\",\"position\":2,\"name\":\"Ekstrautstyr\",\"item\":\"https:\\\/\\\/hitraturistservice.no\\\/nb\\\/ekstra\\\/\"},{\"@type\":\"ListItem\",\"position\":3,\"name\":\"Katalog 2025\"}]},{\"@type\":\"WebSite\",\"@id\":\"https:\\\/\\\/hitraturistservice.no\\\/#website\",\"url\":\"https:\\\/\\\/hitraturistservice.no\\\/\",\"name\":\"Hitra Turistservice\",\"description\":\"Fishing holiday in Hitra and Fr\u00f6ya\",\"potentialAction\":[{\"@type\":\"SearchAction\",\"target\":{\"@type\":\"EntryPoint\",\"urlTemplate\":\"https:\\\/\\\/hitraturistservice.no\\\/?s={search_term_string}\"},\"query-input\":{\"@type\":\"PropertyValueSpecification\",\"valueRequired\":true,\"valueName\":\"search_term_string\"}}],\"inLanguage\":\"nb-NO\"}]}<\/script>\n<!-- \/ Yoast SEO plugin. -->","yoast_head_json":{"title":"Katalog 2025 - Hitra Turistservice","robots":{"index":"index","follow":"follow","max-snippet":"max-snippet:-1","max-image-preview":"max-image-preview:large","max-video-preview":"max-video-preview:-1"},"canonical":"https:\/\/hitraturistservice.no\/nb\/ekstra\/katalog\/","twitter_misc":{"Ansl. lesetid":"1 minutt"},"schema":{"@context":"https:\/\/schema.org","@graph":[{"@type":"WebPage","@id":"https:\/\/hitraturistservice.no\/nb\/ekstra\/katalog\/","url":"https:\/\/hitraturistservice.no\/nb\/ekstra\/katalog\/","name":"Katalog 2025 - Hitra Turistservice","isPartOf":{"@id":"https:\/\/hitraturistservice.no\/#website"},"primaryImageOfPage":{"@id":"https:\/\/hitraturistservice.no\/nb\/ekstra\/katalog\/#primaryimage"},"image":{"@id":"https:\/\/hitraturistservice.no\/nb\/ekstra\/katalog\/#primaryimage"},"thumbnailUrl":"https:\/\/hitraturistservice.no\/wp-content\/uploads\/2024\/09\/ht_norsk_2025-forside-500x707.jpg","datePublished":"2019-11-15T09:52:14+00:00","dateModified":"2024-09-11T15:25:23+00:00","breadcrumb":{"@id":"https:\/\/hitraturistservice.no\/nb\/ekstra\/katalog\/#breadcrumb"},"inLanguage":"nb-NO","potentialAction":[{"@type":"ReadAction","target":["https:\/\/hitraturistservice.no\/nb\/ekstra\/katalog\/"]}]},{"@type":"ImageObject","inLanguage":"nb-NO","@id":"https:\/\/hitraturistservice.no\/nb\/ekstra\/katalog\/#primaryimage","url":"https:\/\/hitraturistservice.no\/wp-content\/uploads\/2024\/09\/ht_norsk_2025-forside-500x707.jpg","contentUrl":"https:\/\/hitraturistservice.no\/wp-content\/uploads\/2024\/09\/ht_norsk_2025-forside-500x707.jpg"},{"@type":"BreadcrumbList","@id":"https:\/\/hitraturistservice.no\/nb\/ekstra\/katalog\/#breadcrumb","itemListElement":[{"@type":"ListItem","position":1,"name":"Hjem","item":"https:\/\/hitraturistservice.no\/nb\/forside\/"},{"@type":"ListItem","position":2,"name":"Ekstrautstyr","item":"https:\/\/hitraturistservice.no\/nb\/ekstra\/"},{"@type":"ListItem","position":3,"name":"Katalog 2025"}]},{"@type":"WebSite","@id":"https:\/\/hitraturistservice.no\/#website","url":"https:\/\/hitraturistservice.no\/","name":"Hitra Turistservice","description":"Fishing holiday in Hitra and Fr\u00f6ya","potentialAction":[{"@type":"SearchAction","target":{"@type":"EntryPoint","urlTemplate":"https:\/\/hitraturistservice.no\/?s={search_term_string}"},"query-input":{"@type":"PropertyValueSpecification","valueRequired":true,"valueName":"search_term_string"}}],"inLanguage":"nb-NO"}]}},"_links":{"self":[{"href":"https:\/\/hitraturistservice.no\/nb\/wp-json\/wp\/v2\/pages\/26855","targetHints":{"allow":["GET"]}}],"collection":[{"href":"https:\/\/hitraturistservice.no\/nb\/wp-json\/wp\/v2\/pages"}],"about":[{"href":"https:\/\/hitraturistservice.no\/nb\/wp-json\/wp\/v2\/types\/page"}],"author":[{"embeddable":true,"href":"https:\/\/hitraturistservice.no\/nb\/wp-json\/wp\/v2\/users\/8"}],"replies":[{"embeddable":true,"href":"https:\/\/hitraturistservice.no\/nb\/wp-json\/wp\/v2\/comments?post=26855"}],"version-history":[{"count":0,"href":"https:\/\/hitraturistservice.no\/nb\/wp-json\/wp\/v2\/pages\/26855\/revisions"}],"up":[{"embeddable":true,"href":"https:\/\/hitraturistservice.no\/nb\/wp-json\/wp\/v2\/pages\/13"}],"wp:attachment":[{"href":"https:\/\/hitraturistservice.no\/nb\/wp-json\/wp\/v2\/media?parent=26855"}],"curies":[{"name":"wp","href":"https:\/\/api.w.org\/{rel}","templated":true}]}}