{"id":24551,"date":"2019-03-19T13:25:07","date_gmt":"2019-03-19T12:25:07","guid":{"rendered":"https:\/\/hitraturistservice.no\/?page_id=24551"},"modified":"2021-10-27T13:20:02","modified_gmt":"2021-10-27T11:20:02","slug":"opplevelsespakker-for-firma-og-grupper","status":"publish","type":"page","link":"https:\/\/hitraturistservice.no\/nb\/forside\/opplevelsespakker-for-firma-og-grupper\/","title":{"rendered":"Opplevelsespakker for firma og grupper."},"content":{"rendered":"\r\n<p>Hitra Turistservice samarbeider med turoperat\u00f8ren Explore Hitra som tilbyr gruppe- og firmareiser. Hitra har s\u00e5 mye enn bare fiske. Opplevelser kombinert med kick- off, teambuilding og seminar.<\/p>\r\n\r\n\r\n\r\n<p>Explore Hitra lytter til din gruppes \u00f8nsker og setter sammen turen med aktiviteter, overnatting og transport. Dette gj\u00f8r det enkelt for dere og garanterer de beste opplevelsene. Med fokus p\u00e5 naturen, den lokale maten og de gode historiene \u00f8nsker vi dere velkommen.<\/p>\r\n\r\n\r\n\r\n<p>Bes\u00f8k: <a href=\"https:\/\/www.ExploreHitra.no\">www.ExploreHitra.no<\/a><\/p>\r\n\r\n\r\n\r\n<ul class=\"wp-block-gallery aligncenter columns-3 is-cropped wp-block-gallery-1 is-layout-flex wp-block-gallery-is-layout-flex\">\r\n<li class=\"blocks-gallery-item\">\r\n<figure><img loading=\"lazy\" decoding=\"async\" width=\"1000\" height=\"667\" class=\"wp-image-26661\" src=\"https:\/\/hitraturistservice.no\/wp-content\/uploads\/2019\/10\/ansnes_explorehitra-8000166-1000x667.jpg\" alt=\"\" data-id=\"26661\" data-link=\"https:\/\/hitraturistservice.no\/forside\/opplevelsespakker-for-firma-og-grupper\/ansnes_explorehitra-8000166\/\" srcset=\"https:\/\/hitraturistservice.no\/wp-content\/uploads\/2019\/10\/ansnes_explorehitra-8000166-1000x667.jpg 1000w, https:\/\/hitraturistservice.no\/wp-content\/uploads\/2019\/10\/ansnes_explorehitra-8000166-300x200.jpg 300w, https:\/\/hitraturistservice.no\/wp-content\/uploads\/2019\/10\/ansnes_explorehitra-8000166-500x334.jpg 500w, https:\/\/hitraturistservice.no\/wp-content\/uploads\/2019\/10\/ansnes_explorehitra-8000166.jpg 2000w\" sizes=\"auto, (max-width: 1000px) 100vw, 1000px\" \/><\/figure>\r\n<\/li>\r\n<li class=\"blocks-gallery-item\">\r\n<figure><img loading=\"lazy\" decoding=\"async\" width=\"1000\" height=\"1000\" class=\"wp-image-26669\" src=\"https:\/\/hitraturistservice.no\/wp-content\/uploads\/2019\/10\/dalpro_explorehitra-1-1000x1000.jpg\" alt=\"\" data-id=\"26669\" data-link=\"https:\/\/hitraturistservice.no\/forside\/opplevelsespakker-for-firma-og-grupper\/dalpro_explorehitra-1\/\" srcset=\"https:\/\/hitraturistservice.no\/wp-content\/uploads\/2019\/10\/dalpro_explorehitra-1-1000x1000.jpg 1000w, https:\/\/hitraturistservice.no\/wp-content\/uploads\/2019\/10\/dalpro_explorehitra-1-500x500.jpg 500w, https:\/\/hitraturistservice.no\/wp-content\/uploads\/2019\/10\/dalpro_explorehitra-1.jpg 1365w\" sizes=\"auto, (max-width: 1000px) 100vw, 1000px\" \/><\/figure>\r\n<\/li>\r\n<li class=\"blocks-gallery-item\">\r\n<figure><img loading=\"lazy\" decoding=\"async\" width=\"1000\" height=\"1000\" class=\"wp-image-26685\" src=\"https:\/\/hitraturistservice.no\/wp-content\/uploads\/2019\/10\/nattseilerne-1000x1000.jpg\" alt=\"\" data-id=\"26685\" data-link=\"https:\/\/hitraturistservice.no\/forside\/opplevelsespakker-for-firma-og-grupper\/nattseilerne\/\" srcset=\"https:\/\/hitraturistservice.no\/wp-content\/uploads\/2019\/10\/nattseilerne-1000x1000.jpg 1000w, https:\/\/hitraturistservice.no\/wp-content\/uploads\/2019\/10\/nattseilerne-500x500.jpg 500w, https:\/\/hitraturistservice.no\/wp-content\/uploads\/2019\/10\/nattseilerne.jpg 1667w\" sizes=\"auto, (max-width: 1000px) 100vw, 1000px\" \/><\/figure>\r\n<\/li>\r\n<li class=\"blocks-gallery-item\">\r\n<figure><img loading=\"lazy\" decoding=\"async\" width=\"1000\" height=\"667\" class=\"wp-image-26701\" src=\"https:\/\/hitraturistservice.no\/wp-content\/uploads\/2019\/10\/terningenfyr_explorehitra-8502936-1-1000x667.jpg\" alt=\"\" data-id=\"26701\" data-link=\"https:\/\/hitraturistservice.no\/forside\/opplevelsespakker-for-firma-og-grupper\/terningenfyr_explorehitra-8502936-1\/\" srcset=\"https:\/\/hitraturistservice.no\/wp-content\/uploads\/2019\/10\/terningenfyr_explorehitra-8502936-1-1000x667.jpg 1000w, https:\/\/hitraturistservice.no\/wp-content\/uploads\/2019\/10\/terningenfyr_explorehitra-8502936-1-300x200.jpg 300w, https:\/\/hitraturistservice.no\/wp-content\/uploads\/2019\/10\/terningenfyr_explorehitra-8502936-1-500x334.jpg 500w, https:\/\/hitraturistservice.no\/wp-content\/uploads\/2019\/10\/terningenfyr_explorehitra-8502936-1.jpg 2000w\" sizes=\"auto, (max-width: 1000px) 100vw, 1000px\" \/><\/figure>\r\n<\/li>\r\n<li class=\"blocks-gallery-item\">\r\n<figure><img loading=\"lazy\" decoding=\"async\" width=\"1000\" height=\"563\" class=\"wp-image-26709\" src=\"https:\/\/hitraturistservice.no\/wp-content\/uploads\/2019\/10\/rnesafari_explorehitra-2083-1000x563.jpg\" alt=\"\" data-id=\"26709\" data-link=\"https:\/\/hitraturistservice.no\/forside\/opplevelsespakker-for-firma-og-grupper\/rnesafari_explorehitra-2083\/\" srcset=\"https:\/\/hitraturistservice.no\/wp-content\/uploads\/2019\/10\/rnesafari_explorehitra-2083-1000x563.jpg 1000w, https:\/\/hitraturistservice.no\/wp-content\/uploads\/2019\/10\/rnesafari_explorehitra-2083-500x281.jpg 500w, https:\/\/hitraturistservice.no\/wp-content\/uploads\/2019\/10\/rnesafari_explorehitra-2083.jpg 2000w\" sizes=\"auto, (max-width: 1000px) 100vw, 1000px\" \/><\/figure>\r\n<\/li>\r\n<li class=\"blocks-gallery-item\">\r\n<figure><img loading=\"lazy\" decoding=\"async\" width=\"1000\" height=\"668\" class=\"wp-image-26717\" src=\"https:\/\/hitraturistservice.no\/wp-content\/uploads\/2019\/10\/spikersling-6375-1000x668.jpg\" alt=\"\" data-id=\"26717\" data-link=\"https:\/\/hitraturistservice.no\/forside\/opplevelsespakker-for-firma-og-grupper\/spikersling-6375\/\" srcset=\"https:\/\/hitraturistservice.no\/wp-content\/uploads\/2019\/10\/spikersling-6375.jpg 1000w, https:\/\/hitraturistservice.no\/wp-content\/uploads\/2019\/10\/spikersling-6375-300x200.jpg 300w, https:\/\/hitraturistservice.no\/wp-content\/uploads\/2019\/10\/spikersling-6375-500x334.jpg 500w\" sizes=\"auto, (max-width: 1000px) 100vw, 1000px\" \/><\/figure>\r\n<\/li>\r\n<\/ul>\r\n","protected":false},"excerpt":{"rendered":"<p>Hitra Turistservice samarbeider med turoperat\u00f8ren Explore Hitra som tilbyr gruppe- og firmareiser. Hitra har [&hellip;]<\/p>\n","protected":false},"author":5,"featured_media":0,"parent":4,"menu_order":0,"comment_status":"closed","ping_status":"closed","template":"","meta":{"_acf_changed":false,"_analytify_skip_tracking":false,"footnotes":""},"class_list":["post-24551","page","type-page","status-publish","hentry"],"acf":[],"yoast_head":"<!-- This site is optimized with the Yoast SEO plugin v27.3 - https:\/\/yoast.com\/product\/yoast-seo-wordpress\/ -->\n<title>Opplevelsespakker for firma og grupper. - Hitra Turistservice<\/title>\n<meta name=\"robots\" content=\"index, follow, max-snippet:-1, max-image-preview:large, max-video-preview:-1\" \/>\n<link rel=\"canonical\" href=\"https:\/\/hitraturistservice.no\/nb\/forside\/opplevelsespakker-for-firma-og-grupper\/\" \/>\n<script type=\"application\/ld+json\" class=\"yoast-schema-graph\">{\"@context\":\"https:\\\/\\\/schema.org\",\"@graph\":[{\"@type\":\"WebPage\",\"@id\":\"https:\\\/\\\/hitraturistservice.no\\\/nb\\\/forside\\\/opplevelsespakker-for-firma-og-grupper\\\/\",\"url\":\"https:\\\/\\\/hitraturistservice.no\\\/nb\\\/forside\\\/opplevelsespakker-for-firma-og-grupper\\\/\",\"name\":\"Opplevelsespakker for firma og grupper. - Hitra Turistservice\",\"isPartOf\":{\"@id\":\"https:\\\/\\\/hitraturistservice.no\\\/#website\"},\"primaryImageOfPage\":{\"@id\":\"https:\\\/\\\/hitraturistservice.no\\\/nb\\\/forside\\\/opplevelsespakker-for-firma-og-grupper\\\/#primaryimage\"},\"image\":{\"@id\":\"https:\\\/\\\/hitraturistservice.no\\\/nb\\\/forside\\\/opplevelsespakker-for-firma-og-grupper\\\/#primaryimage\"},\"thumbnailUrl\":\"https:\\\/\\\/hitraturistservice.no\\\/wp-content\\\/uploads\\\/2019\\\/10\\\/ansnes_explorehitra-8000166-1000x667.jpg\",\"datePublished\":\"2019-03-19T12:25:07+00:00\",\"dateModified\":\"2021-10-27T11:20:02+00:00\",\"breadcrumb\":{\"@id\":\"https:\\\/\\\/hitraturistservice.no\\\/nb\\\/forside\\\/opplevelsespakker-for-firma-og-grupper\\\/#breadcrumb\"},\"inLanguage\":\"nb-NO\",\"potentialAction\":[{\"@type\":\"ReadAction\",\"target\":[\"https:\\\/\\\/hitraturistservice.no\\\/nb\\\/forside\\\/opplevelsespakker-for-firma-og-grupper\\\/\"]}]},{\"@type\":\"ImageObject\",\"inLanguage\":\"nb-NO\",\"@id\":\"https:\\\/\\\/hitraturistservice.no\\\/nb\\\/forside\\\/opplevelsespakker-for-firma-og-grupper\\\/#primaryimage\",\"url\":\"https:\\\/\\\/hitraturistservice.no\\\/wp-content\\\/uploads\\\/2019\\\/10\\\/ansnes_explorehitra-8000166-1000x667.jpg\",\"contentUrl\":\"https:\\\/\\\/hitraturistservice.no\\\/wp-content\\\/uploads\\\/2019\\\/10\\\/ansnes_explorehitra-8000166-1000x667.jpg\"},{\"@type\":\"BreadcrumbList\",\"@id\":\"https:\\\/\\\/hitraturistservice.no\\\/nb\\\/forside\\\/opplevelsespakker-for-firma-og-grupper\\\/#breadcrumb\",\"itemListElement\":[{\"@type\":\"ListItem\",\"position\":1,\"name\":\"Hjem\",\"item\":\"https:\\\/\\\/hitraturistservice.no\\\/nb\\\/forside\\\/\"},{\"@type\":\"ListItem\",\"position\":2,\"name\":\"Forside\",\"item\":\"https:\\\/\\\/hitraturistservice.no\\\/nb\\\/forside\\\/\"},{\"@type\":\"ListItem\",\"position\":3,\"name\":\"Opplevelsespakker for firma og grupper.\"}]},{\"@type\":\"WebSite\",\"@id\":\"https:\\\/\\\/hitraturistservice.no\\\/#website\",\"url\":\"https:\\\/\\\/hitraturistservice.no\\\/\",\"name\":\"Hitra Turistservice\",\"description\":\"Fishing holiday in Hitra and Fr\u00f6ya\",\"potentialAction\":[{\"@type\":\"SearchAction\",\"target\":{\"@type\":\"EntryPoint\",\"urlTemplate\":\"https:\\\/\\\/hitraturistservice.no\\\/?s={search_term_string}\"},\"query-input\":{\"@type\":\"PropertyValueSpecification\",\"valueRequired\":true,\"valueName\":\"search_term_string\"}}],\"inLanguage\":\"nb-NO\"}]}<\/script>\n<!-- \/ Yoast SEO plugin. -->","yoast_head_json":{"title":"Opplevelsespakker for firma og grupper. - Hitra Turistservice","robots":{"index":"index","follow":"follow","max-snippet":"max-snippet:-1","max-image-preview":"max-image-preview:large","max-video-preview":"max-video-preview:-1"},"canonical":"https:\/\/hitraturistservice.no\/nb\/forside\/opplevelsespakker-for-firma-og-grupper\/","schema":{"@context":"https:\/\/schema.org","@graph":[{"@type":"WebPage","@id":"https:\/\/hitraturistservice.no\/nb\/forside\/opplevelsespakker-for-firma-og-grupper\/","url":"https:\/\/hitraturistservice.no\/nb\/forside\/opplevelsespakker-for-firma-og-grupper\/","name":"Opplevelsespakker for firma og grupper. - Hitra Turistservice","isPartOf":{"@id":"https:\/\/hitraturistservice.no\/#website"},"primaryImageOfPage":{"@id":"https:\/\/hitraturistservice.no\/nb\/forside\/opplevelsespakker-for-firma-og-grupper\/#primaryimage"},"image":{"@id":"https:\/\/hitraturistservice.no\/nb\/forside\/opplevelsespakker-for-firma-og-grupper\/#primaryimage"},"thumbnailUrl":"https:\/\/hitraturistservice.no\/wp-content\/uploads\/2019\/10\/ansnes_explorehitra-8000166-1000x667.jpg","datePublished":"2019-03-19T12:25:07+00:00","dateModified":"2021-10-27T11:20:02+00:00","breadcrumb":{"@id":"https:\/\/hitraturistservice.no\/nb\/forside\/opplevelsespakker-for-firma-og-grupper\/#breadcrumb"},"inLanguage":"nb-NO","potentialAction":[{"@type":"ReadAction","target":["https:\/\/hitraturistservice.no\/nb\/forside\/opplevelsespakker-for-firma-og-grupper\/"]}]},{"@type":"ImageObject","inLanguage":"nb-NO","@id":"https:\/\/hitraturistservice.no\/nb\/forside\/opplevelsespakker-for-firma-og-grupper\/#primaryimage","url":"https:\/\/hitraturistservice.no\/wp-content\/uploads\/2019\/10\/ansnes_explorehitra-8000166-1000x667.jpg","contentUrl":"https:\/\/hitraturistservice.no\/wp-content\/uploads\/2019\/10\/ansnes_explorehitra-8000166-1000x667.jpg"},{"@type":"BreadcrumbList","@id":"https:\/\/hitraturistservice.no\/nb\/forside\/opplevelsespakker-for-firma-og-grupper\/#breadcrumb","itemListElement":[{"@type":"ListItem","position":1,"name":"Hjem","item":"https:\/\/hitraturistservice.no\/nb\/forside\/"},{"@type":"ListItem","position":2,"name":"Forside","item":"https:\/\/hitraturistservice.no\/nb\/forside\/"},{"@type":"ListItem","position":3,"name":"Opplevelsespakker for firma og grupper."}]},{"@type":"WebSite","@id":"https:\/\/hitraturistservice.no\/#website","url":"https:\/\/hitraturistservice.no\/","name":"Hitra Turistservice","description":"Fishing holiday in Hitra and Fr\u00f6ya","potentialAction":[{"@type":"SearchAction","target":{"@type":"EntryPoint","urlTemplate":"https:\/\/hitraturistservice.no\/?s={search_term_string}"},"query-input":{"@type":"PropertyValueSpecification","valueRequired":true,"valueName":"search_term_string"}}],"inLanguage":"nb-NO"}]}},"_links":{"self":[{"href":"https:\/\/hitraturistservice.no\/nb\/wp-json\/wp\/v2\/pages\/24551","targetHints":{"allow":["GET"]}}],"collection":[{"href":"https:\/\/hitraturistservice.no\/nb\/wp-json\/wp\/v2\/pages"}],"about":[{"href":"https:\/\/hitraturistservice.no\/nb\/wp-json\/wp\/v2\/types\/page"}],"author":[{"embeddable":true,"href":"https:\/\/hitraturistservice.no\/nb\/wp-json\/wp\/v2\/users\/5"}],"replies":[{"embeddable":true,"href":"https:\/\/hitraturistservice.no\/nb\/wp-json\/wp\/v2\/comments?post=24551"}],"version-history":[{"count":0,"href":"https:\/\/hitraturistservice.no\/nb\/wp-json\/wp\/v2\/pages\/24551\/revisions"}],"up":[{"embeddable":true,"href":"https:\/\/hitraturistservice.no\/nb\/wp-json\/wp\/v2\/pages\/4"}],"wp:attachment":[{"href":"https:\/\/hitraturistservice.no\/nb\/wp-json\/wp\/v2\/media?parent=24551"}],"curies":[{"name":"wp","href":"https:\/\/api.w.org\/{rel}","templated":true}]}}