{"id":2036,"date":"2016-11-14T09:29:44","date_gmt":"2016-11-14T08:29:44","guid":{"rendered":"https:\/\/hitraturistservice.smas.no\/?page_id=2036&#038;lang=nb"},"modified":"2021-11-25T10:49:41","modified_gmt":"2021-11-25T09:49:41","slug":"ekstra-baater","status":"publish","type":"page","link":"https:\/\/hitraturistservice.no\/nb\/ekstra\/ekstra-baater\/","title":{"rendered":"Ekstra b\u00e5ter"},"content":{"rendered":"<table style=\"width: 637px;\">\n<tbody>\n<tr>\n<td style=\"width: 245.667px;\"><\/td>\n<td style=\"width: 388.333px;\"><\/td>\n<\/tr>\n<tr>\n<td style=\"width: 245.667px;\"><img loading=\"lazy\" decoding=\"async\" class=\"wp-image-1671 alignleft\" src=\"https:\/\/hitraturistservice.no\/wp-content\/uploads\/2016\/11\/19fot-283x200.jpg\" alt=\"19fot\" width=\"238\" height=\"168\" \/><\/td>\n<td style=\"width: 388.333px;\">20 fots alu.b\u00e5t med 60 HK (4-takt) motor, kartplotter og ekkolodd.<\/p>\n<p><strong>Pris pr. uke NOK 5.300<\/strong><\/td>\n<\/tr>\n<tr>\n<td style=\"width: 245.667px;\"><\/td>\n<td style=\"width: 388.333px;\"><\/td>\n<\/tr>\n<\/tbody>\n<\/table>\n<p><em>B\u00e5ten nevnt ovenfor er bare tilgjengelig p\u00e5 Fjellv\u00e6r\u00f8y og Dolm\u00f8y.<\/em><\/p>\n<p>I tillegg tilbyr en del bosteder selv ekstra b\u00e5ter for utleie. Dette gjelder bostedene; Sula Rorbuer, Gurvikdal, 100 A &amp; B, 101, 102, 115, 116, 212 A, 212 C,\u00a0 215, 224, 225, 226, 239 og 240. Se n\u00e6rmere beskrivelse og priser for hvert bosted.<\/p>\n","protected":false},"excerpt":{"rendered":"<p>20 fots alu.b\u00e5t med 60 HK (4-takt) motor, kartplotter og ekkolodd. Pris pr. uke [&hellip;]<\/p>\n","protected":false},"author":1,"featured_media":0,"parent":13,"menu_order":0,"comment_status":"closed","ping_status":"closed","template":"","meta":{"_acf_changed":false,"_analytify_skip_tracking":false,"footnotes":""},"class_list":["post-2036","page","type-page","status-publish","hentry"],"acf":[],"yoast_head":"<!-- This site is optimized with the Yoast SEO plugin v27.2 - https:\/\/yoast.com\/product\/yoast-seo-wordpress\/ -->\n<title>Ekstra b\u00e5ter - Hitra Turistservice<\/title>\n<meta name=\"robots\" content=\"index, follow, max-snippet:-1, max-image-preview:large, max-video-preview:-1\" \/>\n<link rel=\"canonical\" href=\"https:\/\/hitraturistservice.no\/nb\/ekstra\/ekstra-baater\/\" \/>\n<meta name=\"twitter:label1\" content=\"Ansl. lesetid\" \/>\n\t<meta name=\"twitter:data1\" content=\"1 minutt\" \/>\n<script type=\"application\/ld+json\" class=\"yoast-schema-graph\">{\"@context\":\"https:\/\/schema.org\",\"@graph\":[{\"@type\":\"WebPage\",\"@id\":\"https:\/\/hitraturistservice.no\/nb\/ekstra\/ekstra-baater\/\",\"url\":\"https:\/\/hitraturistservice.no\/nb\/ekstra\/ekstra-baater\/\",\"name\":\"Ekstra b\u00e5ter - Hitra Turistservice\",\"isPartOf\":{\"@id\":\"https:\/\/hitraturistservice.no\/#website\"},\"primaryImageOfPage\":{\"@id\":\"https:\/\/hitraturistservice.no\/nb\/ekstra\/ekstra-baater\/#primaryimage\"},\"image\":{\"@id\":\"https:\/\/hitraturistservice.no\/nb\/ekstra\/ekstra-baater\/#primaryimage\"},\"thumbnailUrl\":\"https:\/\/hitraturistservice.no\/wp-content\/uploads\/2016\/11\/19fot-283x200.jpg\",\"datePublished\":\"2016-11-14T08:29:44+00:00\",\"dateModified\":\"2021-11-25T09:49:41+00:00\",\"breadcrumb\":{\"@id\":\"https:\/\/hitraturistservice.no\/nb\/ekstra\/ekstra-baater\/#breadcrumb\"},\"inLanguage\":\"nb-NO\",\"potentialAction\":[{\"@type\":\"ReadAction\",\"target\":[\"https:\/\/hitraturistservice.no\/nb\/ekstra\/ekstra-baater\/\"]}]},{\"@type\":\"ImageObject\",\"inLanguage\":\"nb-NO\",\"@id\":\"https:\/\/hitraturistservice.no\/nb\/ekstra\/ekstra-baater\/#primaryimage\",\"url\":\"https:\/\/hitraturistservice.no\/wp-content\/uploads\/2016\/11\/19fot-283x200.jpg\",\"contentUrl\":\"https:\/\/hitraturistservice.no\/wp-content\/uploads\/2016\/11\/19fot-283x200.jpg\"},{\"@type\":\"BreadcrumbList\",\"@id\":\"https:\/\/hitraturistservice.no\/nb\/ekstra\/ekstra-baater\/#breadcrumb\",\"itemListElement\":[{\"@type\":\"ListItem\",\"position\":1,\"name\":\"Hjem\",\"item\":\"https:\/\/hitraturistservice.no\/nb\/forside\/\"},{\"@type\":\"ListItem\",\"position\":2,\"name\":\"Ekstrautstyr\",\"item\":\"https:\/\/hitraturistservice.no\/nb\/ekstra\/\"},{\"@type\":\"ListItem\",\"position\":3,\"name\":\"Ekstra b\u00e5ter\"}]},{\"@type\":\"WebSite\",\"@id\":\"https:\/\/hitraturistservice.no\/#website\",\"url\":\"https:\/\/hitraturistservice.no\/\",\"name\":\"Hitra Turistservice\",\"description\":\"Fishing holiday in Hitra and Fr\u00f6ya\",\"potentialAction\":[{\"@type\":\"SearchAction\",\"target\":{\"@type\":\"EntryPoint\",\"urlTemplate\":\"https:\/\/hitraturistservice.no\/?s={search_term_string}\"},\"query-input\":{\"@type\":\"PropertyValueSpecification\",\"valueRequired\":true,\"valueName\":\"search_term_string\"}}],\"inLanguage\":\"nb-NO\"}]}<\/script>\n<!-- \/ Yoast SEO plugin. -->","yoast_head_json":{"title":"Ekstra b\u00e5ter - Hitra Turistservice","robots":{"index":"index","follow":"follow","max-snippet":"max-snippet:-1","max-image-preview":"max-image-preview:large","max-video-preview":"max-video-preview:-1"},"canonical":"https:\/\/hitraturistservice.no\/nb\/ekstra\/ekstra-baater\/","twitter_misc":{"Ansl. lesetid":"1 minutt"},"schema":{"@context":"https:\/\/schema.org","@graph":[{"@type":"WebPage","@id":"https:\/\/hitraturistservice.no\/nb\/ekstra\/ekstra-baater\/","url":"https:\/\/hitraturistservice.no\/nb\/ekstra\/ekstra-baater\/","name":"Ekstra b\u00e5ter - Hitra Turistservice","isPartOf":{"@id":"https:\/\/hitraturistservice.no\/#website"},"primaryImageOfPage":{"@id":"https:\/\/hitraturistservice.no\/nb\/ekstra\/ekstra-baater\/#primaryimage"},"image":{"@id":"https:\/\/hitraturistservice.no\/nb\/ekstra\/ekstra-baater\/#primaryimage"},"thumbnailUrl":"https:\/\/hitraturistservice.no\/wp-content\/uploads\/2016\/11\/19fot-283x200.jpg","datePublished":"2016-11-14T08:29:44+00:00","dateModified":"2021-11-25T09:49:41+00:00","breadcrumb":{"@id":"https:\/\/hitraturistservice.no\/nb\/ekstra\/ekstra-baater\/#breadcrumb"},"inLanguage":"nb-NO","potentialAction":[{"@type":"ReadAction","target":["https:\/\/hitraturistservice.no\/nb\/ekstra\/ekstra-baater\/"]}]},{"@type":"ImageObject","inLanguage":"nb-NO","@id":"https:\/\/hitraturistservice.no\/nb\/ekstra\/ekstra-baater\/#primaryimage","url":"https:\/\/hitraturistservice.no\/wp-content\/uploads\/2016\/11\/19fot-283x200.jpg","contentUrl":"https:\/\/hitraturistservice.no\/wp-content\/uploads\/2016\/11\/19fot-283x200.jpg"},{"@type":"BreadcrumbList","@id":"https:\/\/hitraturistservice.no\/nb\/ekstra\/ekstra-baater\/#breadcrumb","itemListElement":[{"@type":"ListItem","position":1,"name":"Hjem","item":"https:\/\/hitraturistservice.no\/nb\/forside\/"},{"@type":"ListItem","position":2,"name":"Ekstrautstyr","item":"https:\/\/hitraturistservice.no\/nb\/ekstra\/"},{"@type":"ListItem","position":3,"name":"Ekstra b\u00e5ter"}]},{"@type":"WebSite","@id":"https:\/\/hitraturistservice.no\/#website","url":"https:\/\/hitraturistservice.no\/","name":"Hitra Turistservice","description":"Fishing holiday in Hitra and Fr\u00f6ya","potentialAction":[{"@type":"SearchAction","target":{"@type":"EntryPoint","urlTemplate":"https:\/\/hitraturistservice.no\/?s={search_term_string}"},"query-input":{"@type":"PropertyValueSpecification","valueRequired":true,"valueName":"search_term_string"}}],"inLanguage":"nb-NO"}]}},"_links":{"self":[{"href":"https:\/\/hitraturistservice.no\/nb\/wp-json\/wp\/v2\/pages\/2036","targetHints":{"allow":["GET"]}}],"collection":[{"href":"https:\/\/hitraturistservice.no\/nb\/wp-json\/wp\/v2\/pages"}],"about":[{"href":"https:\/\/hitraturistservice.no\/nb\/wp-json\/wp\/v2\/types\/page"}],"author":[{"embeddable":true,"href":"https:\/\/hitraturistservice.no\/nb\/wp-json\/wp\/v2\/users\/1"}],"replies":[{"embeddable":true,"href":"https:\/\/hitraturistservice.no\/nb\/wp-json\/wp\/v2\/comments?post=2036"}],"version-history":[{"count":0,"href":"https:\/\/hitraturistservice.no\/nb\/wp-json\/wp\/v2\/pages\/2036\/revisions"}],"up":[{"embeddable":true,"href":"https:\/\/hitraturistservice.no\/nb\/wp-json\/wp\/v2\/pages\/13"}],"wp:attachment":[{"href":"https:\/\/hitraturistservice.no\/nb\/wp-json\/wp\/v2\/media?parent=2036"}],"curies":[{"name":"wp","href":"https:\/\/api.w.org\/{rel}","templated":true}]}}