{"id":2019,"date":"2016-11-10T14:43:08","date_gmt":"2016-11-10T13:43:08","guid":{"rendered":"https:\/\/hitraturistservice.smas.no\/fiske\/seamap\/?lang=nb"},"modified":"2021-05-18T15:13:30","modified_gmt":"2021-05-18T13:13:30","slug":"seamap","status":"publish","type":"page","link":"https:\/\/hitraturistservice.no\/nb\/fiske\/seamap\/","title":{"rendered":"Sj\u00f8kart"},"content":{"rendered":"<h2><img loading=\"lazy\" decoding=\"async\" class=\"alignleft wp-image-1656 size-thumbnail\" src=\"https:\/\/hitraturistservice.no\/wp-content\/uploads\/2016\/11\/seekarte-300x200.jpg\" alt=\"seekarte\" width=\"300\" height=\"200\" \/>Kj\u00f8p av sj\u00f8kart<\/h2>\n<p>Alle v\u00e5re gjester kan i v\u00e5re \u00e5pningstider hente et laminert sj\u00f8kart i A3-format som dekker n\u00e6romr\u00e5dene utenfor bostedet. Det er ogs\u00e5 mulig \u00e5 bestille originalt sj\u00f8kart som dekker st\u00f8rre omr\u00e5der omkring bostedet for \u00e5 kunne planlegge sitt fiske bedre. Det trengs 3 kart for \u00e5 dekke havomr\u00e5det rundt hele Hitra og Fr\u00f8ya. For hvert bosted har vi anmerket hvilket sj\u00f8kart som anbefales i omr\u00e5det.<\/p>\n<p>&nbsp;<\/p>\n<p><strong>Pris pr. kart ved utsendelse NOK 400,-<\/strong><\/p>\n<p><strong>Pris pr. kart ved ankomst NOK 350,-<\/strong><\/p>\n","protected":false},"excerpt":{"rendered":"<p>Kj\u00f8p av sj\u00f8kart Alle v\u00e5re gjester kan i v\u00e5re \u00e5pningstider hente et laminert sj\u00f8kart [&hellip;]<\/p>\n","protected":false},"author":1,"featured_media":0,"parent":2,"menu_order":0,"comment_status":"closed","ping_status":"closed","template":"","meta":{"_acf_changed":false,"_analytify_skip_tracking":false,"footnotes":""},"class_list":["post-2019","page","type-page","status-publish","hentry"],"acf":[],"yoast_head":"<!-- This site is optimized with the Yoast SEO plugin v27.2 - https:\/\/yoast.com\/product\/yoast-seo-wordpress\/ -->\n<title>Sj\u00f8kart - Hitra Turistservice<\/title>\n<meta name=\"robots\" content=\"index, follow, max-snippet:-1, max-image-preview:large, max-video-preview:-1\" \/>\n<link rel=\"canonical\" href=\"https:\/\/hitraturistservice.no\/nb\/fiske\/seamap\/\" \/>\n<script type=\"application\/ld+json\" class=\"yoast-schema-graph\">{\"@context\":\"https:\/\/schema.org\",\"@graph\":[{\"@type\":\"WebPage\",\"@id\":\"https:\/\/hitraturistservice.no\/nb\/fiske\/seamap\/\",\"url\":\"https:\/\/hitraturistservice.no\/nb\/fiske\/seamap\/\",\"name\":\"Sj\u00f8kart - Hitra Turistservice\",\"isPartOf\":{\"@id\":\"https:\/\/hitraturistservice.no\/#website\"},\"primaryImageOfPage\":{\"@id\":\"https:\/\/hitraturistservice.no\/nb\/fiske\/seamap\/#primaryimage\"},\"image\":{\"@id\":\"https:\/\/hitraturistservice.no\/nb\/fiske\/seamap\/#primaryimage\"},\"thumbnailUrl\":\"https:\/\/hitraturistservice.no\/wp-content\/uploads\/2016\/11\/seekarte-300x200.jpg\",\"datePublished\":\"2016-11-10T13:43:08+00:00\",\"dateModified\":\"2021-05-18T13:13:30+00:00\",\"breadcrumb\":{\"@id\":\"https:\/\/hitraturistservice.no\/nb\/fiske\/seamap\/#breadcrumb\"},\"inLanguage\":\"nb-NO\",\"potentialAction\":[{\"@type\":\"ReadAction\",\"target\":[\"https:\/\/hitraturistservice.no\/nb\/fiske\/seamap\/\"]}]},{\"@type\":\"ImageObject\",\"inLanguage\":\"nb-NO\",\"@id\":\"https:\/\/hitraturistservice.no\/nb\/fiske\/seamap\/#primaryimage\",\"url\":\"https:\/\/hitraturistservice.no\/wp-content\/uploads\/2016\/11\/seekarte-300x200.jpg\",\"contentUrl\":\"https:\/\/hitraturistservice.no\/wp-content\/uploads\/2016\/11\/seekarte-300x200.jpg\"},{\"@type\":\"BreadcrumbList\",\"@id\":\"https:\/\/hitraturistservice.no\/nb\/fiske\/seamap\/#breadcrumb\",\"itemListElement\":[{\"@type\":\"ListItem\",\"position\":1,\"name\":\"Hjem\",\"item\":\"https:\/\/hitraturistservice.no\/nb\/forside\/\"},{\"@type\":\"ListItem\",\"position\":2,\"name\":\"Fiske\",\"item\":\"https:\/\/hitraturistservice.no\/nb\/fiske\/\"},{\"@type\":\"ListItem\",\"position\":3,\"name\":\"Sj\u00f8kart\"}]},{\"@type\":\"WebSite\",\"@id\":\"https:\/\/hitraturistservice.no\/#website\",\"url\":\"https:\/\/hitraturistservice.no\/\",\"name\":\"Hitra Turistservice\",\"description\":\"Fishing holiday in Hitra and Fr\u00f6ya\",\"potentialAction\":[{\"@type\":\"SearchAction\",\"target\":{\"@type\":\"EntryPoint\",\"urlTemplate\":\"https:\/\/hitraturistservice.no\/?s={search_term_string}\"},\"query-input\":{\"@type\":\"PropertyValueSpecification\",\"valueRequired\":true,\"valueName\":\"search_term_string\"}}],\"inLanguage\":\"nb-NO\"}]}<\/script>\n<!-- \/ Yoast SEO plugin. -->","yoast_head_json":{"title":"Sj\u00f8kart - Hitra Turistservice","robots":{"index":"index","follow":"follow","max-snippet":"max-snippet:-1","max-image-preview":"max-image-preview:large","max-video-preview":"max-video-preview:-1"},"canonical":"https:\/\/hitraturistservice.no\/nb\/fiske\/seamap\/","schema":{"@context":"https:\/\/schema.org","@graph":[{"@type":"WebPage","@id":"https:\/\/hitraturistservice.no\/nb\/fiske\/seamap\/","url":"https:\/\/hitraturistservice.no\/nb\/fiske\/seamap\/","name":"Sj\u00f8kart - Hitra Turistservice","isPartOf":{"@id":"https:\/\/hitraturistservice.no\/#website"},"primaryImageOfPage":{"@id":"https:\/\/hitraturistservice.no\/nb\/fiske\/seamap\/#primaryimage"},"image":{"@id":"https:\/\/hitraturistservice.no\/nb\/fiske\/seamap\/#primaryimage"},"thumbnailUrl":"https:\/\/hitraturistservice.no\/wp-content\/uploads\/2016\/11\/seekarte-300x200.jpg","datePublished":"2016-11-10T13:43:08+00:00","dateModified":"2021-05-18T13:13:30+00:00","breadcrumb":{"@id":"https:\/\/hitraturistservice.no\/nb\/fiske\/seamap\/#breadcrumb"},"inLanguage":"nb-NO","potentialAction":[{"@type":"ReadAction","target":["https:\/\/hitraturistservice.no\/nb\/fiske\/seamap\/"]}]},{"@type":"ImageObject","inLanguage":"nb-NO","@id":"https:\/\/hitraturistservice.no\/nb\/fiske\/seamap\/#primaryimage","url":"https:\/\/hitraturistservice.no\/wp-content\/uploads\/2016\/11\/seekarte-300x200.jpg","contentUrl":"https:\/\/hitraturistservice.no\/wp-content\/uploads\/2016\/11\/seekarte-300x200.jpg"},{"@type":"BreadcrumbList","@id":"https:\/\/hitraturistservice.no\/nb\/fiske\/seamap\/#breadcrumb","itemListElement":[{"@type":"ListItem","position":1,"name":"Hjem","item":"https:\/\/hitraturistservice.no\/nb\/forside\/"},{"@type":"ListItem","position":2,"name":"Fiske","item":"https:\/\/hitraturistservice.no\/nb\/fiske\/"},{"@type":"ListItem","position":3,"name":"Sj\u00f8kart"}]},{"@type":"WebSite","@id":"https:\/\/hitraturistservice.no\/#website","url":"https:\/\/hitraturistservice.no\/","name":"Hitra Turistservice","description":"Fishing holiday in Hitra and Fr\u00f6ya","potentialAction":[{"@type":"SearchAction","target":{"@type":"EntryPoint","urlTemplate":"https:\/\/hitraturistservice.no\/?s={search_term_string}"},"query-input":{"@type":"PropertyValueSpecification","valueRequired":true,"valueName":"search_term_string"}}],"inLanguage":"nb-NO"}]}},"_links":{"self":[{"href":"https:\/\/hitraturistservice.no\/nb\/wp-json\/wp\/v2\/pages\/2019","targetHints":{"allow":["GET"]}}],"collection":[{"href":"https:\/\/hitraturistservice.no\/nb\/wp-json\/wp\/v2\/pages"}],"about":[{"href":"https:\/\/hitraturistservice.no\/nb\/wp-json\/wp\/v2\/types\/page"}],"author":[{"embeddable":true,"href":"https:\/\/hitraturistservice.no\/nb\/wp-json\/wp\/v2\/users\/1"}],"replies":[{"embeddable":true,"href":"https:\/\/hitraturistservice.no\/nb\/wp-json\/wp\/v2\/comments?post=2019"}],"version-history":[{"count":0,"href":"https:\/\/hitraturistservice.no\/nb\/wp-json\/wp\/v2\/pages\/2019\/revisions"}],"up":[{"embeddable":true,"href":"https:\/\/hitraturistservice.no\/nb\/wp-json\/wp\/v2\/pages\/2"}],"wp:attachment":[{"href":"https:\/\/hitraturistservice.no\/nb\/wp-json\/wp\/v2\/media?parent=2019"}],"curies":[{"name":"wp","href":"https:\/\/api.w.org\/{rel}","templated":true}]}}