{"id":1622,"date":"2016-11-10T13:43:12","date_gmt":"2016-11-10T12:43:12","guid":{"rendered":"https:\/\/hitraturistservice.smas.no\/?page_id=1622&#038;lang=nb"},"modified":"2021-05-18T14:11:11","modified_gmt":"2021-05-18T12:11:11","slug":"sjofiske","status":"publish","type":"page","link":"https:\/\/hitraturistservice.no\/nb\/fiske\/sjofiske\/","title":{"rendered":"Sikkerhet p\u00e5 sj\u00f8en"},"content":{"rendered":"<h3><strong>Sikkerhet til sj\u00f8s<\/strong><\/h3>\n<ul>\n<li>Bruk alltid flyteplagg, minimum en rednings-\/flytevest. En flytedress kan redde livet ditt i en n\u00f8dssituasjon. Flytedresser kan du leie billig hos oss, eller kj\u00f8pe til en god pris.<\/li>\n<li>Ha alltid minst 1 fulladet, vanntett eller vanntett pakket mobiltelefon med deg, og lagre n\u00f8dnummeret. Det er best dersom flere ombord i b\u00e5ten har med telefon p\u00e5 sj\u00f8en.<\/li>\n<li>For \u00e5 v\u00e6re p\u00e5 den sikre siden, ha et kompass med deg i tilfelle en n\u00f8dsituasjon eller svikt i elektronikken om bord. T\u00e5ke kommer ofte raskt.<\/li>\n<li>Kj\u00f8r aldri b\u00e5ten under p\u00e5virkning av alkohol. Dersom dette ikke blir overholdt vil vi nekte videre bruk av b\u00e5t, og i verste fall utkastelse fra huset.<\/li>\n<li>Spesielt med mindre b\u00e5ter, ber vi dere om IKKE \u00e5 st\u00e5 i b\u00e5ten.<\/li>\n<li>Sjekk p\u00e5 forh\u00e5nd hvor og om b\u00e5ten har en forberedt redningssele. I tilfelle noen g\u00e5r over bord, kan dette brukes som en trinnl\u00f8kke, fordi det er nesten umulig \u00e5 trekke noen tilbake i b\u00e5ten, spesielt n\u00e5r b\u00f8lgene er t\u00f8ffe.<br \/>\nVanntemperaturen rundt Hitra er omtrent 12 grader i gjennomsnitt. Sjansen for \u00e5 overleve i tilfelle en b\u00e5tulykke uten flytende drakt ved disse temperaturene er mellom ca. 10-60 minutter, avhengig av din fysiske tilstand !!!!!<\/li>\n<\/ul>\n<p>Vi vil ikke gj\u00f8re deg og dine medreisende redd for havet, vi vil ikke overdrive heller &#8211; men alle b\u00f8r v\u00e6re forsiktige og respektere naturen. Hvert \u00e5r skjer ulykker med fisketurister i Norge, og i all hovedsak er det menneskelig svikt som er \u00e5rsak.<\/p>\n","protected":false},"excerpt":{"rendered":"<p>Sikkerhet til sj\u00f8s Bruk alltid flyteplagg, minimum en rednings-\/flytevest. En flytedress kan redde livet [&hellip;]<\/p>\n","protected":false},"author":1,"featured_media":0,"parent":2,"menu_order":0,"comment_status":"closed","ping_status":"closed","template":"","meta":{"_acf_changed":false,"_analytify_skip_tracking":false,"footnotes":""},"class_list":["post-1622","page","type-page","status-publish","hentry"],"acf":[],"yoast_head":"<!-- This site is optimized with the Yoast SEO plugin v27.3 - https:\/\/yoast.com\/product\/yoast-seo-wordpress\/ -->\n<title>Sikkerhet p\u00e5 sj\u00f8en - Hitra Turistservice<\/title>\n<meta name=\"robots\" content=\"index, follow, max-snippet:-1, max-image-preview:large, max-video-preview:-1\" \/>\n<link rel=\"canonical\" href=\"https:\/\/hitraturistservice.no\/nb\/fiske\/sjofiske\/\" \/>\n<meta name=\"twitter:label1\" content=\"Ansl. lesetid\" \/>\n\t<meta name=\"twitter:data1\" content=\"1 minutt\" \/>\n<script type=\"application\/ld+json\" class=\"yoast-schema-graph\">{\"@context\":\"https:\\\/\\\/schema.org\",\"@graph\":[{\"@type\":\"WebPage\",\"@id\":\"https:\\\/\\\/hitraturistservice.no\\\/nb\\\/fiske\\\/sjofiske\\\/\",\"url\":\"https:\\\/\\\/hitraturistservice.no\\\/nb\\\/fiske\\\/sjofiske\\\/\",\"name\":\"Sikkerhet p\u00e5 sj\u00f8en - Hitra Turistservice\",\"isPartOf\":{\"@id\":\"https:\\\/\\\/hitraturistservice.no\\\/#website\"},\"datePublished\":\"2016-11-10T12:43:12+00:00\",\"dateModified\":\"2021-05-18T12:11:11+00:00\",\"breadcrumb\":{\"@id\":\"https:\\\/\\\/hitraturistservice.no\\\/nb\\\/fiske\\\/sjofiske\\\/#breadcrumb\"},\"inLanguage\":\"nb-NO\",\"potentialAction\":[{\"@type\":\"ReadAction\",\"target\":[\"https:\\\/\\\/hitraturistservice.no\\\/nb\\\/fiske\\\/sjofiske\\\/\"]}]},{\"@type\":\"BreadcrumbList\",\"@id\":\"https:\\\/\\\/hitraturistservice.no\\\/nb\\\/fiske\\\/sjofiske\\\/#breadcrumb\",\"itemListElement\":[{\"@type\":\"ListItem\",\"position\":1,\"name\":\"Hjem\",\"item\":\"https:\\\/\\\/hitraturistservice.no\\\/nb\\\/forside\\\/\"},{\"@type\":\"ListItem\",\"position\":2,\"name\":\"Fiske\",\"item\":\"https:\\\/\\\/hitraturistservice.no\\\/nb\\\/fiske\\\/\"},{\"@type\":\"ListItem\",\"position\":3,\"name\":\"Sikkerhet p\u00e5 sj\u00f8en\"}]},{\"@type\":\"WebSite\",\"@id\":\"https:\\\/\\\/hitraturistservice.no\\\/#website\",\"url\":\"https:\\\/\\\/hitraturistservice.no\\\/\",\"name\":\"Hitra Turistservice\",\"description\":\"Fishing holiday in Hitra and Fr\u00f6ya\",\"potentialAction\":[{\"@type\":\"SearchAction\",\"target\":{\"@type\":\"EntryPoint\",\"urlTemplate\":\"https:\\\/\\\/hitraturistservice.no\\\/?s={search_term_string}\"},\"query-input\":{\"@type\":\"PropertyValueSpecification\",\"valueRequired\":true,\"valueName\":\"search_term_string\"}}],\"inLanguage\":\"nb-NO\"}]}<\/script>\n<!-- \/ Yoast SEO plugin. -->","yoast_head_json":{"title":"Sikkerhet p\u00e5 sj\u00f8en - Hitra Turistservice","robots":{"index":"index","follow":"follow","max-snippet":"max-snippet:-1","max-image-preview":"max-image-preview:large","max-video-preview":"max-video-preview:-1"},"canonical":"https:\/\/hitraturistservice.no\/nb\/fiske\/sjofiske\/","twitter_misc":{"Ansl. lesetid":"1 minutt"},"schema":{"@context":"https:\/\/schema.org","@graph":[{"@type":"WebPage","@id":"https:\/\/hitraturistservice.no\/nb\/fiske\/sjofiske\/","url":"https:\/\/hitraturistservice.no\/nb\/fiske\/sjofiske\/","name":"Sikkerhet p\u00e5 sj\u00f8en - Hitra Turistservice","isPartOf":{"@id":"https:\/\/hitraturistservice.no\/#website"},"datePublished":"2016-11-10T12:43:12+00:00","dateModified":"2021-05-18T12:11:11+00:00","breadcrumb":{"@id":"https:\/\/hitraturistservice.no\/nb\/fiske\/sjofiske\/#breadcrumb"},"inLanguage":"nb-NO","potentialAction":[{"@type":"ReadAction","target":["https:\/\/hitraturistservice.no\/nb\/fiske\/sjofiske\/"]}]},{"@type":"BreadcrumbList","@id":"https:\/\/hitraturistservice.no\/nb\/fiske\/sjofiske\/#breadcrumb","itemListElement":[{"@type":"ListItem","position":1,"name":"Hjem","item":"https:\/\/hitraturistservice.no\/nb\/forside\/"},{"@type":"ListItem","position":2,"name":"Fiske","item":"https:\/\/hitraturistservice.no\/nb\/fiske\/"},{"@type":"ListItem","position":3,"name":"Sikkerhet p\u00e5 sj\u00f8en"}]},{"@type":"WebSite","@id":"https:\/\/hitraturistservice.no\/#website","url":"https:\/\/hitraturistservice.no\/","name":"Hitra Turistservice","description":"Fishing holiday in Hitra and Fr\u00f6ya","potentialAction":[{"@type":"SearchAction","target":{"@type":"EntryPoint","urlTemplate":"https:\/\/hitraturistservice.no\/?s={search_term_string}"},"query-input":{"@type":"PropertyValueSpecification","valueRequired":true,"valueName":"search_term_string"}}],"inLanguage":"nb-NO"}]}},"_links":{"self":[{"href":"https:\/\/hitraturistservice.no\/nb\/wp-json\/wp\/v2\/pages\/1622","targetHints":{"allow":["GET"]}}],"collection":[{"href":"https:\/\/hitraturistservice.no\/nb\/wp-json\/wp\/v2\/pages"}],"about":[{"href":"https:\/\/hitraturistservice.no\/nb\/wp-json\/wp\/v2\/types\/page"}],"author":[{"embeddable":true,"href":"https:\/\/hitraturistservice.no\/nb\/wp-json\/wp\/v2\/users\/1"}],"replies":[{"embeddable":true,"href":"https:\/\/hitraturistservice.no\/nb\/wp-json\/wp\/v2\/comments?post=1622"}],"version-history":[{"count":0,"href":"https:\/\/hitraturistservice.no\/nb\/wp-json\/wp\/v2\/pages\/1622\/revisions"}],"up":[{"embeddable":true,"href":"https:\/\/hitraturistservice.no\/nb\/wp-json\/wp\/v2\/pages\/2"}],"wp:attachment":[{"href":"https:\/\/hitraturistservice.no\/nb\/wp-json\/wp\/v2\/media?parent=1622"}],"curies":[{"name":"wp","href":"https:\/\/api.w.org\/{rel}","templated":true}]}}